{"id":8,"date":"2014-10-23T09:35:09","date_gmt":"2014-10-23T07:35:09","guid":{"rendered":"http:\/\/www.pkw-anhaenger-achsen.de\/?page_id=8"},"modified":"2014-10-23T11:16:33","modified_gmt":"2014-10-23T09:16:33","slug":"pkw-anhaenger-achsen","status":"publish","type":"page","link":"https:\/\/www.pkw-anhaenger-achsen.de\/","title":{"rendered":"Anh\u00e4nger &#8211; kurz erkl\u00e4rt"},"content":{"rendered":"<p>&nbsp;<\/p>\n<div id=\"attachment_12\" style=\"width: 250px\" class=\"wp-caption alignleft\"><a href=\"https:\/\/www.wiedemann-fahrzeugtechnik.de\/\"><img loading=\"lazy\" decoding=\"async\" aria-describedby=\"caption-attachment-12\" class=\"wp-image-12 size-full\" src=\"https:\/\/www.pkw-anhaenger-achsen.de\/wp-content\/uploads\/2014\/10\/IMG_0649-e1414049591613.jpg\" alt=\"Anh\u00e4nger\" width=\"250\" height=\"228\" \/><\/a><p id=\"caption-attachment-12\" class=\"wp-caption-text\">Anh\u00e4nger<\/p><\/div>\n<h1><span style=\"color: #ff6600;\"><strong>Anh\u00e4nger oder H\u00e4nger<br \/>\n<\/strong><\/span><\/h1>\n<p>&nbsp;<\/p>\n<p>Als Anh\u00e4nger gelten\u00a0Fahrzeuge die \u00fcber eine Ladefl\u00e4che jedoch \u00fcber keinen eigenen Antrieb verf\u00fcgen und hinter Zugfahrzeugen \u2013 beispielsweise Pkw, LKW, Omnibus, Traktor, Kraftr\u00e4dern oder Fahrrad mitgef\u00fchrt werden.<\/p>\n<p>Anh\u00e4nger sind in der DIN 70010 (Systematik der Stra\u00dfenfahrzeuge) benannt und definiert. \u00dcbereinstimmend mit der ISO-Norm 3833, in der Anh\u00e4nger und deren technische Merkmale enthalten sind. Anh\u00e4nger \u00fcbertragen die Last haupts\u00e4chlich \u00fcber die R\u00e4der auf die Stra\u00dfe, bis auf die \u2013 bei einachsigen Anh\u00e4ngern \u2013 auf dem Zugfahrzeug lastende St\u00fctzlast. Die Zugkr\u00e4fte werden \u00fcber die sogenannte Deichsel vom Zugfahrzeug auf den Anh\u00e4nger \u00fcbertragen. Eine Anh\u00e4ngerkupplung dient der Verbindung zwischen dem Zugfahrzeug und einem Anh\u00e4nger oder der Verbindung zwischen Anh\u00e4ngern, wenn mehrere Anh\u00e4nger an das Zugfahrzeug angeh\u00e4ngt sind.<\/p>\n<p>&nbsp;<\/p>\n<p>&nbsp;<\/p>\n<h2>\u00a0<span style=\"color: #ff6600;\"><strong>Der Onlineshop f\u00fcr Anh\u00e4ngerteile<\/strong><\/span><\/h2>\n<div id=\"attachment_27\" style=\"width: 300px\" class=\"wp-caption alignright\"><a href=\"https:\/\/www.pkw-anhaenger-achsen.de\/wp-content\/uploads\/2014\/10\/Onlineshop.jpg\"><img loading=\"lazy\" decoding=\"async\" aria-describedby=\"caption-attachment-27\" class=\"size-medium wp-image-27\" src=\"https:\/\/www.pkw-anhaenger-achsen.de\/wp-content\/uploads\/2014\/10\/Onlineshop-300x205.jpg\" alt=\"Wiedemann Fahrzeugtechnik - Onlineshop f\u00fcr Anh\u00e4ngerteile\" width=\"300\" height=\"205\" srcset=\"https:\/\/www.pkw-anhaenger-achsen.de\/wp-content\/uploads\/2014\/10\/Onlineshop-300x205.jpg 300w, https:\/\/www.pkw-anhaenger-achsen.de\/wp-content\/uploads\/2014\/10\/Onlineshop-1024x700.jpg 1024w, https:\/\/www.pkw-anhaenger-achsen.de\/wp-content\/uploads\/2014\/10\/Onlineshop.jpg 1474w\" sizes=\"auto, (max-width: 300px) 100vw, 300px\" \/><\/a><p id=\"caption-attachment-27\" class=\"wp-caption-text\">Wiedemann Fahrzeugtechnik &#8211; Onlineshop f\u00fcr Anh\u00e4ngerteile<\/p><\/div>\n<h2><\/h2>\n<p>Seit 2005 bieten wir auf unserem Onlineshop <a href=\"https:\/\/www.wiedemann-fahrzeugtechnik.de\/\">https:\/\/www.wiedemann-fahrzeugtechnik.de\/<\/a> hochwertige Anh\u00e4ngerteile und Zubeh\u00f6r an. Dabei legt Wiedemann Fahrzeugtechnik gro\u00dfen Wert auf die Qualit\u00e4t der Produkte und ist stets bem\u00fcht, dem Kunden einen Preisvorteil zu verschaffen. Ein z\u00fcgiger Warenversand wird dem Kunden zugesichert. Da Anh\u00e4nger in den verschiedensten Ausf\u00fchrungen angeboten werden, ist Wiedemann Fahrzeugtechnik bestrebt, allen Anforderungen gerecht zu werden und Anh\u00e4ngerteile und -zubeh\u00f6r der verschiedensten Marken und Hersteller vorr\u00e4tig zu halten. So bietet der Onlineshop \u00fcber 12.500 Artikel f\u00fcr jeden Kunden an. Ausgefallene und nicht allt\u00e4gliche Anh\u00e4ngerteile oder Zubeh\u00f6r werden auf Wunsch des Kunden extra bestellt. Wiedemann Fahrzeugtechnik f\u00fchrt Anh\u00e4ngerteile und -zubeh\u00f6r aller f\u00fchrenden Hersteller, wie zum Beispiel KNOTT, BPW, Peitz und darunter auch AL-KO.<\/p>\n<p>&nbsp;<\/p>\n<p>&nbsp;<\/p>\n","protected":false},"excerpt":{"rendered":"<p>&nbsp; Anh\u00e4nger oder H\u00e4nger &nbsp; Als Anh\u00e4nger gelten\u00a0Fahrzeuge die \u00fcber eine Ladefl\u00e4che jedoch \u00fcber keinen eigenen Antrieb verf\u00fcgen und hinter Zugfahrzeugen \u2013 beispielsweise Pkw, LKW, Omnibus, Traktor, Kraftr\u00e4dern oder Fahrrad mitgef\u00fchrt werden. Anh\u00e4nger sind in der DIN 70010 (Systematik der Stra\u00dfenfahrzeuge) benannt und definiert. \u00dcbereinstimmend mit der ISO-Norm 3833, in der Anh\u00e4nger und deren technische &hellip; <\/p>\n<p><a class=\"more-link btn\" href=\"https:\/\/www.pkw-anhaenger-achsen.de\/\">Weiterlesen<\/a><\/p>\n","protected":false},"author":1,"featured_media":0,"parent":0,"menu_order":1,"comment_status":"open","ping_status":"open","template":"","meta":{"footnotes":""},"class_list":["post-8","page","type-page","status-publish","hentry","nodate","item-wrap"],"yoast_head":"<!-- This site is optimized with the Yoast SEO plugin v27.5 - https:\/\/yoast.com\/product\/yoast-seo-wordpress\/ -->\n<title>Anh\u00e4nger - kurz erkl\u00e4rt - PKW-Anh\u00e4nger-Achsen.de<\/title>\n<meta name=\"robots\" content=\"index, follow, max-snippet:-1, max-image-preview:large, max-video-preview:-1\" \/>\n<link rel=\"canonical\" href=\"https:\/\/www.pkw-anhaenger-achsen.de\/\" \/>\n<meta property=\"og:locale\" content=\"de_DE\" \/>\n<meta property=\"og:type\" content=\"article\" \/>\n<meta property=\"og:title\" content=\"Anh\u00e4nger - kurz erkl\u00e4rt - PKW-Anh\u00e4nger-Achsen.de\" \/>\n<meta property=\"og:description\" content=\"&nbsp; Anh\u00e4nger oder H\u00e4nger &nbsp; Als Anh\u00e4nger gelten\u00a0Fahrzeuge die \u00fcber eine Ladefl\u00e4che jedoch \u00fcber keinen eigenen Antrieb verf\u00fcgen und hinter Zugfahrzeugen \u2013 beispielsweise Pkw, LKW, Omnibus, Traktor, Kraftr\u00e4dern oder Fahrrad mitgef\u00fchrt werden. Anh\u00e4nger sind in der DIN 70010 (Systematik der Stra\u00dfenfahrzeuge) benannt und definiert. \u00dcbereinstimmend mit der ISO-Norm 3833, in der Anh\u00e4nger und deren technische &hellip; Weiterlesen\" \/>\n<meta property=\"og:url\" content=\"https:\/\/www.pkw-anhaenger-achsen.de\/\" \/>\n<meta property=\"og:site_name\" content=\"PKW-Anh\u00e4nger-Achsen.de\" \/>\n<meta property=\"article:modified_time\" content=\"2014-10-23T09:16:33+00:00\" \/>\n<meta property=\"og:image\" content=\"http:\/\/www.pkw-anhaenger-achsen.de\/wp-content\/uploads\/2014\/10\/IMG_0649-e1414049591613.jpg\" \/>\n<meta name=\"twitter:label1\" content=\"Gesch\u00e4tzte Lesezeit\" \/>\n\t<meta name=\"twitter:data1\" content=\"2\u00a0Minuten\" \/>\n<script type=\"application\/ld+json\" class=\"yoast-schema-graph\">{\"@context\":\"https:\\\/\\\/schema.org\",\"@graph\":[{\"@type\":\"WebPage\",\"@id\":\"https:\\\/\\\/www.pkw-anhaenger-achsen.de\\\/\",\"url\":\"https:\\\/\\\/www.pkw-anhaenger-achsen.de\\\/\",\"name\":\"Anh\u00e4nger - kurz erkl\u00e4rt - PKW-Anh\u00e4nger-Achsen.de\",\"isPartOf\":{\"@id\":\"https:\\\/\\\/www.pkw-anhaenger-achsen.de\\\/#website\"},\"primaryImageOfPage\":{\"@id\":\"https:\\\/\\\/www.pkw-anhaenger-achsen.de\\\/#primaryimage\"},\"image\":{\"@id\":\"https:\\\/\\\/www.pkw-anhaenger-achsen.de\\\/#primaryimage\"},\"thumbnailUrl\":\"http:\\\/\\\/www.pkw-anhaenger-achsen.de\\\/wp-content\\\/uploads\\\/2014\\\/10\\\/IMG_0649-e1414049591613.jpg\",\"datePublished\":\"2014-10-23T07:35:09+00:00\",\"dateModified\":\"2014-10-23T09:16:33+00:00\",\"breadcrumb\":{\"@id\":\"https:\\\/\\\/www.pkw-anhaenger-achsen.de\\\/#breadcrumb\"},\"inLanguage\":\"de\",\"potentialAction\":[{\"@type\":\"ReadAction\",\"target\":[\"https:\\\/\\\/www.pkw-anhaenger-achsen.de\\\/\"]}]},{\"@type\":\"ImageObject\",\"inLanguage\":\"de\",\"@id\":\"https:\\\/\\\/www.pkw-anhaenger-achsen.de\\\/#primaryimage\",\"url\":\"http:\\\/\\\/www.pkw-anhaenger-achsen.de\\\/wp-content\\\/uploads\\\/2014\\\/10\\\/IMG_0649-e1414049591613.jpg\",\"contentUrl\":\"http:\\\/\\\/www.pkw-anhaenger-achsen.de\\\/wp-content\\\/uploads\\\/2014\\\/10\\\/IMG_0649-e1414049591613.jpg\"},{\"@type\":\"BreadcrumbList\",\"@id\":\"https:\\\/\\\/www.pkw-anhaenger-achsen.de\\\/#breadcrumb\",\"itemListElement\":[{\"@type\":\"ListItem\",\"position\":1,\"name\":\"Home\",\"item\":\"https:\\\/\\\/www.pkw-anhaenger-achsen.de\\\/\"},{\"@type\":\"ListItem\",\"position\":2,\"name\":\"Anh\u00e4nger &#8211; kurz erkl\u00e4rt\"}]},{\"@type\":\"WebSite\",\"@id\":\"https:\\\/\\\/www.pkw-anhaenger-achsen.de\\\/#website\",\"url\":\"https:\\\/\\\/www.pkw-anhaenger-achsen.de\\\/\",\"name\":\"PKW-Anh\u00e4nger-Achsen.de\",\"description\":\"Eine weitere WordPress-Seite\",\"potentialAction\":[{\"@type\":\"SearchAction\",\"target\":{\"@type\":\"EntryPoint\",\"urlTemplate\":\"https:\\\/\\\/www.pkw-anhaenger-achsen.de\\\/?s={search_term_string}\"},\"query-input\":{\"@type\":\"PropertyValueSpecification\",\"valueRequired\":true,\"valueName\":\"search_term_string\"}}],\"inLanguage\":\"de\"}]}<\/script>\n<!-- \/ Yoast SEO plugin. -->","yoast_head_json":{"title":"Anh\u00e4nger - kurz erkl\u00e4rt - PKW-Anh\u00e4nger-Achsen.de","robots":{"index":"index","follow":"follow","max-snippet":"max-snippet:-1","max-image-preview":"max-image-preview:large","max-video-preview":"max-video-preview:-1"},"canonical":"https:\/\/www.pkw-anhaenger-achsen.de\/","og_locale":"de_DE","og_type":"article","og_title":"Anh\u00e4nger - kurz erkl\u00e4rt - PKW-Anh\u00e4nger-Achsen.de","og_description":"&nbsp; Anh\u00e4nger oder H\u00e4nger &nbsp; Als Anh\u00e4nger gelten\u00a0Fahrzeuge die \u00fcber eine Ladefl\u00e4che jedoch \u00fcber keinen eigenen Antrieb verf\u00fcgen und hinter Zugfahrzeugen \u2013 beispielsweise Pkw, LKW, Omnibus, Traktor, Kraftr\u00e4dern oder Fahrrad mitgef\u00fchrt werden. Anh\u00e4nger sind in der DIN 70010 (Systematik der Stra\u00dfenfahrzeuge) benannt und definiert. \u00dcbereinstimmend mit der ISO-Norm 3833, in der Anh\u00e4nger und deren technische &hellip; Weiterlesen","og_url":"https:\/\/www.pkw-anhaenger-achsen.de\/","og_site_name":"PKW-Anh\u00e4nger-Achsen.de","article_modified_time":"2014-10-23T09:16:33+00:00","og_image":[{"url":"http:\/\/www.pkw-anhaenger-achsen.de\/wp-content\/uploads\/2014\/10\/IMG_0649-e1414049591613.jpg","type":"","width":"","height":""}],"twitter_misc":{"Gesch\u00e4tzte Lesezeit":"2\u00a0Minuten"},"schema":{"@context":"https:\/\/schema.org","@graph":[{"@type":"WebPage","@id":"https:\/\/www.pkw-anhaenger-achsen.de\/","url":"https:\/\/www.pkw-anhaenger-achsen.de\/","name":"Anh\u00e4nger - kurz erkl\u00e4rt - PKW-Anh\u00e4nger-Achsen.de","isPartOf":{"@id":"https:\/\/www.pkw-anhaenger-achsen.de\/#website"},"primaryImageOfPage":{"@id":"https:\/\/www.pkw-anhaenger-achsen.de\/#primaryimage"},"image":{"@id":"https:\/\/www.pkw-anhaenger-achsen.de\/#primaryimage"},"thumbnailUrl":"http:\/\/www.pkw-anhaenger-achsen.de\/wp-content\/uploads\/2014\/10\/IMG_0649-e1414049591613.jpg","datePublished":"2014-10-23T07:35:09+00:00","dateModified":"2014-10-23T09:16:33+00:00","breadcrumb":{"@id":"https:\/\/www.pkw-anhaenger-achsen.de\/#breadcrumb"},"inLanguage":"de","potentialAction":[{"@type":"ReadAction","target":["https:\/\/www.pkw-anhaenger-achsen.de\/"]}]},{"@type":"ImageObject","inLanguage":"de","@id":"https:\/\/www.pkw-anhaenger-achsen.de\/#primaryimage","url":"http:\/\/www.pkw-anhaenger-achsen.de\/wp-content\/uploads\/2014\/10\/IMG_0649-e1414049591613.jpg","contentUrl":"http:\/\/www.pkw-anhaenger-achsen.de\/wp-content\/uploads\/2014\/10\/IMG_0649-e1414049591613.jpg"},{"@type":"BreadcrumbList","@id":"https:\/\/www.pkw-anhaenger-achsen.de\/#breadcrumb","itemListElement":[{"@type":"ListItem","position":1,"name":"Home","item":"https:\/\/www.pkw-anhaenger-achsen.de\/"},{"@type":"ListItem","position":2,"name":"Anh\u00e4nger &#8211; kurz erkl\u00e4rt"}]},{"@type":"WebSite","@id":"https:\/\/www.pkw-anhaenger-achsen.de\/#website","url":"https:\/\/www.pkw-anhaenger-achsen.de\/","name":"PKW-Anh\u00e4nger-Achsen.de","description":"Eine weitere WordPress-Seite","potentialAction":[{"@type":"SearchAction","target":{"@type":"EntryPoint","urlTemplate":"https:\/\/www.pkw-anhaenger-achsen.de\/?s={search_term_string}"},"query-input":{"@type":"PropertyValueSpecification","valueRequired":true,"valueName":"search_term_string"}}],"inLanguage":"de"}]}},"_links":{"self":[{"href":"https:\/\/www.pkw-anhaenger-achsen.de\/index.php?rest_route=\/wp\/v2\/pages\/8","targetHints":{"allow":["GET"]}}],"collection":[{"href":"https:\/\/www.pkw-anhaenger-achsen.de\/index.php?rest_route=\/wp\/v2\/pages"}],"about":[{"href":"https:\/\/www.pkw-anhaenger-achsen.de\/index.php?rest_route=\/wp\/v2\/types\/page"}],"author":[{"embeddable":true,"href":"https:\/\/www.pkw-anhaenger-achsen.de\/index.php?rest_route=\/wp\/v2\/users\/1"}],"replies":[{"embeddable":true,"href":"https:\/\/www.pkw-anhaenger-achsen.de\/index.php?rest_route=%2Fwp%2Fv2%2Fcomments&post=8"}],"version-history":[{"count":10,"href":"https:\/\/www.pkw-anhaenger-achsen.de\/index.php?rest_route=\/wp\/v2\/pages\/8\/revisions"}],"predecessor-version":[{"id":31,"href":"https:\/\/www.pkw-anhaenger-achsen.de\/index.php?rest_route=\/wp\/v2\/pages\/8\/revisions\/31"}],"wp:attachment":[{"href":"https:\/\/www.pkw-anhaenger-achsen.de\/index.php?rest_route=%2Fwp%2Fv2%2Fmedia&parent=8"}],"curies":[{"name":"wp","href":"https:\/\/api.w.org\/{rel}","templated":true}]}}