{"id":64,"date":"2014-10-23T11:55:18","date_gmt":"2014-10-23T09:55:18","guid":{"rendered":"http:\/\/www.pkw-anhaenger-achsen.de\/?page_id=64"},"modified":"2014-10-23T16:43:45","modified_gmt":"2014-10-23T14:43:45","slug":"nehmen-sie-kontakt-mit-uns-auf","status":"publish","type":"page","link":"https:\/\/www.pkw-anhaenger-achsen.de\/?page_id=64","title":{"rendered":"Kontakt"},"content":{"rendered":"<h1><span style=\"color: #0000ff;\"><strong>Nehmen Sie Kontakt mit uns auf<\/strong><\/span><\/h1>\n<div id=\"attachment_66\" style=\"width: 300px\" class=\"wp-caption alignright\"><a href=\"https:\/\/www.wiedemann-fahrzeugtechnik.de\/\"><img loading=\"lazy\" decoding=\"async\" aria-describedby=\"caption-attachment-66\" class=\"wp-image-66 size-medium\" src=\"https:\/\/www.pkw-anhaenger-achsen.de\/wp-content\/uploads\/2014\/10\/Wiedemann-300x120.jpg\" alt=\"Wiedemann Fahrzeugtechnik GmbH &amp; Co. KG\" width=\"300\" height=\"120\" \/><\/a><p id=\"caption-attachment-66\" class=\"wp-caption-text\">Wiedemann Fahrzeugtechnik GmbH &amp; Co. KG<\/p><\/div>\n<p>Die Wiedemann Fahrzeugtechnik GmbH &amp; Co. KG hat sich auf das Angebot von Anh\u00e4ngerteilen verschiedenster Marken und Hersteller spezialisiert. Wiedemann Fahrzeugtechnik versteht das Anh\u00e4nger-Handwerk und bietet neben einem reichen Sortiment auch Erfahrungen und Know-how an.<\/p>\n<p>&nbsp;<\/p>\n<p>&nbsp;<\/p>\n<p>&nbsp;<\/p>\n<h2><span style=\"color: #ff6600;\"><strong>Onlineshop f\u00fcr Anh\u00e4ngerteile<\/strong><\/span><\/h2>\n<div id=\"attachment_27\" style=\"width: 300px\" class=\"wp-caption alignleft\"><a href=\"https:\/\/www.pkw-anhaenger-achsen.de\/wp-content\/uploads\/2014\/10\/Onlineshop.jpg\"><img loading=\"lazy\" decoding=\"async\" aria-describedby=\"caption-attachment-27\" class=\"wp-image-27 size-medium\" src=\"https:\/\/www.pkw-anhaenger-achsen.de\/wp-content\/uploads\/2014\/10\/Onlineshop-300x205.jpg\" alt=\"Wiedemann Fahrzeugtechnik - Onlineshop f\u00fcr Anh\u00e4ngerteile\" width=\"300\" height=\"205\" srcset=\"https:\/\/www.pkw-anhaenger-achsen.de\/wp-content\/uploads\/2014\/10\/Onlineshop-300x205.jpg 300w, https:\/\/www.pkw-anhaenger-achsen.de\/wp-content\/uploads\/2014\/10\/Onlineshop-1024x700.jpg 1024w, https:\/\/www.pkw-anhaenger-achsen.de\/wp-content\/uploads\/2014\/10\/Onlineshop.jpg 1474w\" sizes=\"auto, (max-width: 300px) 100vw, 300px\" \/><\/a><p id=\"caption-attachment-27\" class=\"wp-caption-text\">Wiedemann Fahrzeugtechnik &#8211; Onlineshop f\u00fcr Anh\u00e4ngerteile<\/p><\/div>\n<p>Seit 2005 bieten wir auf unserem Onlineshop <a href=\"https:\/\/www.wiedemann-fahrzeugtechnik.de\/\">https:\/\/www.wiedemann-fahrzeugtechnik.de\/<\/a> hochwertige Anh\u00e4ngerteile und Zubeh\u00f6r an. Dabei legt Wiedemann Fahrzeugtechnik gro\u00dfen Wert auf die Qualit\u00e4t der Produkte und ist stets bem\u00fcht, dem Kunden einen Preisvorteil zu verschaffen. Ein z\u00fcgiger Warenversand wird dem Kunden zugesichert. Da Anh\u00e4nger in den verschiedensten Ausf\u00fchrungen angeboten werden, ist Wiedemann Fahrzeugtechnik bestrebt, allen Anforderungen gerecht zu werden und Anh\u00e4ngerteile und -zubeh\u00f6r der verschiedensten Marken und Hersteller vorr\u00e4tig zu halten. So bietet der Onlineshop \u00fcber 12.500 Artikel f\u00fcr jeden Kunden an. Ausgefallene und nicht allt\u00e4gliche Anh\u00e4ngerteile oder Zubeh\u00f6r werden auf Wunsch des Kunden extra bestellt. Wiedemann Fahrzeugtechnik f\u00fchrt Anh\u00e4ngerteile und -zubeh\u00f6r aller f\u00fchrenden Hersteller, wie zum Beispiel KNOTT, BPW, Peitz und darunter auch AL-KO.\u00a0 Wenden Sie sich vertrauensvoll an unser Team. Es steht Ihnen mit Rat und Tat zur Seite.<\/p>\n<p>&nbsp;<\/p>\n<p>&nbsp;<\/p>\n<p>&nbsp;<\/p>\n<hr \/>\n<p>&nbsp;<\/p>\n<p><strong>Wir bieten Ihnen viele Kontaktm\u00f6glichkeiten:<\/strong><\/p>\n<ul>\n<li>Senden Sie uns eine E-Mail an <a href=\"mailto:info@wiedemann-fahrzeugtechnik.de\">info@wiedemann-fahrzeugtechnik.de<\/a><\/li>\n<li>Wir freuen uns auf einen Anruf unter +49(0)8039 90140-0<\/li>\n<li>Gerne nehmen wir ein Fax entgegen unter +49(0)8039 90140-29<\/li>\n<li>Wir sind f\u00fcr Sie erreichbar werktags von 8:00 bis 17:00 Uhr<\/li>\n<\/ul>\n<p>&nbsp;<\/p>\n<p>Unser Onlineshop <a href=\"http:\/\/www.wiedemann-fahrzeugtechnik.de\">www.wiedemann-fahrzeugtechnik.de<\/a> mit dem praktischen Kontaktformular ist selbstverst\u00e4ndlich rund um die Uhr f\u00fcr Sie da<\/p>\n<hr \/>\n<p>&nbsp;<\/p>\n<p>&nbsp;<\/p>\n<p>&nbsp;<\/p>\n","protected":false},"excerpt":{"rendered":"<p>Nehmen Sie Kontakt mit uns auf Die Wiedemann Fahrzeugtechnik GmbH &amp; Co. KG hat sich auf das Angebot von Anh\u00e4ngerteilen verschiedenster Marken und Hersteller spezialisiert. Wiedemann Fahrzeugtechnik versteht das Anh\u00e4nger-Handwerk und bietet neben einem reichen Sortiment auch Erfahrungen und Know-how an. &nbsp; &nbsp; &nbsp; Onlineshop f\u00fcr Anh\u00e4ngerteile Seit 2005 bieten wir auf unserem Onlineshop https:\/\/www.wiedemann-fahrzeugtechnik.de\/ &hellip; <\/p>\n<p><a class=\"more-link btn\" href=\"https:\/\/www.pkw-anhaenger-achsen.de\/?page_id=64\">Weiterlesen<\/a><\/p>\n","protected":false},"author":1,"featured_media":0,"parent":0,"menu_order":5,"comment_status":"open","ping_status":"open","template":"","meta":{"footnotes":""},"class_list":["post-64","page","type-page","status-publish","hentry","nodate","item-wrap"],"yoast_head":"<!-- This site is optimized with the Yoast SEO plugin v27.4 - https:\/\/yoast.com\/product\/yoast-seo-wordpress\/ -->\n<title>Kontakt - PKW-Anh\u00e4nger-Achsen.de<\/title>\n<meta name=\"robots\" content=\"index, follow, max-snippet:-1, max-image-preview:large, max-video-preview:-1\" \/>\n<link rel=\"canonical\" href=\"https:\/\/www.pkw-anhaenger-achsen.de\/?page_id=64\" \/>\n<meta property=\"og:locale\" content=\"de_DE\" \/>\n<meta property=\"og:type\" content=\"article\" \/>\n<meta property=\"og:title\" content=\"Kontakt - PKW-Anh\u00e4nger-Achsen.de\" \/>\n<meta property=\"og:description\" content=\"Nehmen Sie Kontakt mit uns auf Die Wiedemann Fahrzeugtechnik GmbH &amp; Co. KG hat sich auf das Angebot von Anh\u00e4ngerteilen verschiedenster Marken und Hersteller spezialisiert. Wiedemann Fahrzeugtechnik versteht das Anh\u00e4nger-Handwerk und bietet neben einem reichen Sortiment auch Erfahrungen und Know-how an. &nbsp; &nbsp; &nbsp; Onlineshop f\u00fcr Anh\u00e4ngerteile Seit 2005 bieten wir auf unserem Onlineshop https:\/\/www.wiedemann-fahrzeugtechnik.de\/ &hellip; Weiterlesen\" \/>\n<meta property=\"og:url\" content=\"https:\/\/www.pkw-anhaenger-achsen.de\/?page_id=64\" \/>\n<meta property=\"og:site_name\" content=\"PKW-Anh\u00e4nger-Achsen.de\" \/>\n<meta property=\"article:modified_time\" content=\"2014-10-23T14:43:45+00:00\" \/>\n<meta property=\"og:image\" content=\"http:\/\/www.pkw-anhaenger-achsen.de\/wp-content\/uploads\/2014\/10\/Wiedemann-300x120.jpg\" \/>\n<meta name=\"twitter:label1\" content=\"Gesch\u00e4tzte Lesezeit\" \/>\n\t<meta name=\"twitter:data1\" content=\"1\u00a0Minute\" \/>\n<script type=\"application\/ld+json\" class=\"yoast-schema-graph\">{\"@context\":\"https:\\\/\\\/schema.org\",\"@graph\":[{\"@type\":\"WebPage\",\"@id\":\"https:\\\/\\\/www.pkw-anhaenger-achsen.de\\\/?page_id=64\",\"url\":\"https:\\\/\\\/www.pkw-anhaenger-achsen.de\\\/?page_id=64\",\"name\":\"Kontakt - PKW-Anh\u00e4nger-Achsen.de\",\"isPartOf\":{\"@id\":\"https:\\\/\\\/www.pkw-anhaenger-achsen.de\\\/#website\"},\"primaryImageOfPage\":{\"@id\":\"https:\\\/\\\/www.pkw-anhaenger-achsen.de\\\/?page_id=64#primaryimage\"},\"image\":{\"@id\":\"https:\\\/\\\/www.pkw-anhaenger-achsen.de\\\/?page_id=64#primaryimage\"},\"thumbnailUrl\":\"http:\\\/\\\/www.pkw-anhaenger-achsen.de\\\/wp-content\\\/uploads\\\/2014\\\/10\\\/Wiedemann-300x120.jpg\",\"datePublished\":\"2014-10-23T09:55:18+00:00\",\"dateModified\":\"2014-10-23T14:43:45+00:00\",\"breadcrumb\":{\"@id\":\"https:\\\/\\\/www.pkw-anhaenger-achsen.de\\\/?page_id=64#breadcrumb\"},\"inLanguage\":\"de\",\"potentialAction\":[{\"@type\":\"ReadAction\",\"target\":[\"https:\\\/\\\/www.pkw-anhaenger-achsen.de\\\/?page_id=64\"]}]},{\"@type\":\"ImageObject\",\"inLanguage\":\"de\",\"@id\":\"https:\\\/\\\/www.pkw-anhaenger-achsen.de\\\/?page_id=64#primaryimage\",\"url\":\"http:\\\/\\\/www.pkw-anhaenger-achsen.de\\\/wp-content\\\/uploads\\\/2014\\\/10\\\/Wiedemann-300x120.jpg\",\"contentUrl\":\"http:\\\/\\\/www.pkw-anhaenger-achsen.de\\\/wp-content\\\/uploads\\\/2014\\\/10\\\/Wiedemann-300x120.jpg\"},{\"@type\":\"BreadcrumbList\",\"@id\":\"https:\\\/\\\/www.pkw-anhaenger-achsen.de\\\/?page_id=64#breadcrumb\",\"itemListElement\":[{\"@type\":\"ListItem\",\"position\":1,\"name\":\"Home\",\"item\":\"https:\\\/\\\/www.pkw-anhaenger-achsen.de\\\/\"},{\"@type\":\"ListItem\",\"position\":2,\"name\":\"Kontakt\"}]},{\"@type\":\"WebSite\",\"@id\":\"https:\\\/\\\/www.pkw-anhaenger-achsen.de\\\/#website\",\"url\":\"https:\\\/\\\/www.pkw-anhaenger-achsen.de\\\/\",\"name\":\"PKW-Anh\u00e4nger-Achsen.de\",\"description\":\"Eine weitere WordPress-Seite\",\"potentialAction\":[{\"@type\":\"SearchAction\",\"target\":{\"@type\":\"EntryPoint\",\"urlTemplate\":\"https:\\\/\\\/www.pkw-anhaenger-achsen.de\\\/?s={search_term_string}\"},\"query-input\":{\"@type\":\"PropertyValueSpecification\",\"valueRequired\":true,\"valueName\":\"search_term_string\"}}],\"inLanguage\":\"de\"}]}<\/script>\n<!-- \/ Yoast SEO plugin. -->","yoast_head_json":{"title":"Kontakt - PKW-Anh\u00e4nger-Achsen.de","robots":{"index":"index","follow":"follow","max-snippet":"max-snippet:-1","max-image-preview":"max-image-preview:large","max-video-preview":"max-video-preview:-1"},"canonical":"https:\/\/www.pkw-anhaenger-achsen.de\/?page_id=64","og_locale":"de_DE","og_type":"article","og_title":"Kontakt - PKW-Anh\u00e4nger-Achsen.de","og_description":"Nehmen Sie Kontakt mit uns auf Die Wiedemann Fahrzeugtechnik GmbH &amp; Co. KG hat sich auf das Angebot von Anh\u00e4ngerteilen verschiedenster Marken und Hersteller spezialisiert. Wiedemann Fahrzeugtechnik versteht das Anh\u00e4nger-Handwerk und bietet neben einem reichen Sortiment auch Erfahrungen und Know-how an. &nbsp; &nbsp; &nbsp; Onlineshop f\u00fcr Anh\u00e4ngerteile Seit 2005 bieten wir auf unserem Onlineshop https:\/\/www.wiedemann-fahrzeugtechnik.de\/ &hellip; Weiterlesen","og_url":"https:\/\/www.pkw-anhaenger-achsen.de\/?page_id=64","og_site_name":"PKW-Anh\u00e4nger-Achsen.de","article_modified_time":"2014-10-23T14:43:45+00:00","og_image":[{"url":"http:\/\/www.pkw-anhaenger-achsen.de\/wp-content\/uploads\/2014\/10\/Wiedemann-300x120.jpg","type":"","width":"","height":""}],"twitter_misc":{"Gesch\u00e4tzte Lesezeit":"1\u00a0Minute"},"schema":{"@context":"https:\/\/schema.org","@graph":[{"@type":"WebPage","@id":"https:\/\/www.pkw-anhaenger-achsen.de\/?page_id=64","url":"https:\/\/www.pkw-anhaenger-achsen.de\/?page_id=64","name":"Kontakt - PKW-Anh\u00e4nger-Achsen.de","isPartOf":{"@id":"https:\/\/www.pkw-anhaenger-achsen.de\/#website"},"primaryImageOfPage":{"@id":"https:\/\/www.pkw-anhaenger-achsen.de\/?page_id=64#primaryimage"},"image":{"@id":"https:\/\/www.pkw-anhaenger-achsen.de\/?page_id=64#primaryimage"},"thumbnailUrl":"http:\/\/www.pkw-anhaenger-achsen.de\/wp-content\/uploads\/2014\/10\/Wiedemann-300x120.jpg","datePublished":"2014-10-23T09:55:18+00:00","dateModified":"2014-10-23T14:43:45+00:00","breadcrumb":{"@id":"https:\/\/www.pkw-anhaenger-achsen.de\/?page_id=64#breadcrumb"},"inLanguage":"de","potentialAction":[{"@type":"ReadAction","target":["https:\/\/www.pkw-anhaenger-achsen.de\/?page_id=64"]}]},{"@type":"ImageObject","inLanguage":"de","@id":"https:\/\/www.pkw-anhaenger-achsen.de\/?page_id=64#primaryimage","url":"http:\/\/www.pkw-anhaenger-achsen.de\/wp-content\/uploads\/2014\/10\/Wiedemann-300x120.jpg","contentUrl":"http:\/\/www.pkw-anhaenger-achsen.de\/wp-content\/uploads\/2014\/10\/Wiedemann-300x120.jpg"},{"@type":"BreadcrumbList","@id":"https:\/\/www.pkw-anhaenger-achsen.de\/?page_id=64#breadcrumb","itemListElement":[{"@type":"ListItem","position":1,"name":"Home","item":"https:\/\/www.pkw-anhaenger-achsen.de\/"},{"@type":"ListItem","position":2,"name":"Kontakt"}]},{"@type":"WebSite","@id":"https:\/\/www.pkw-anhaenger-achsen.de\/#website","url":"https:\/\/www.pkw-anhaenger-achsen.de\/","name":"PKW-Anh\u00e4nger-Achsen.de","description":"Eine weitere WordPress-Seite","potentialAction":[{"@type":"SearchAction","target":{"@type":"EntryPoint","urlTemplate":"https:\/\/www.pkw-anhaenger-achsen.de\/?s={search_term_string}"},"query-input":{"@type":"PropertyValueSpecification","valueRequired":true,"valueName":"search_term_string"}}],"inLanguage":"de"}]}},"_links":{"self":[{"href":"https:\/\/www.pkw-anhaenger-achsen.de\/index.php?rest_route=\/wp\/v2\/pages\/64","targetHints":{"allow":["GET"]}}],"collection":[{"href":"https:\/\/www.pkw-anhaenger-achsen.de\/index.php?rest_route=\/wp\/v2\/pages"}],"about":[{"href":"https:\/\/www.pkw-anhaenger-achsen.de\/index.php?rest_route=\/wp\/v2\/types\/page"}],"author":[{"embeddable":true,"href":"https:\/\/www.pkw-anhaenger-achsen.de\/index.php?rest_route=\/wp\/v2\/users\/1"}],"replies":[{"embeddable":true,"href":"https:\/\/www.pkw-anhaenger-achsen.de\/index.php?rest_route=%2Fwp%2Fv2%2Fcomments&post=64"}],"version-history":[{"count":6,"href":"https:\/\/www.pkw-anhaenger-achsen.de\/index.php?rest_route=\/wp\/v2\/pages\/64\/revisions"}],"predecessor-version":[{"id":87,"href":"https:\/\/www.pkw-anhaenger-achsen.de\/index.php?rest_route=\/wp\/v2\/pages\/64\/revisions\/87"}],"wp:attachment":[{"href":"https:\/\/www.pkw-anhaenger-achsen.de\/index.php?rest_route=%2Fwp%2Fv2%2Fmedia&parent=64"}],"curies":[{"name":"wp","href":"https:\/\/api.w.org\/{rel}","templated":true}]}}