{"id":45,"date":"2014-10-23T10:42:31","date_gmt":"2014-10-23T08:42:31","guid":{"rendered":"http:\/\/www.pkw-anhaenger-achsen.de\/?page_id=45"},"modified":"2014-10-23T16:43:09","modified_gmt":"2014-10-23T14:43:09","slug":"pkw-anhaenger-achsen-bei-wiedemann-fahrzeugtechnik","status":"publish","type":"page","link":"https:\/\/www.pkw-anhaenger-achsen.de\/?page_id=45","title":{"rendered":"Wiedemann Fahrzeugtechnik"},"content":{"rendered":"<h1><span style=\"color: #0000ff;\"><strong>Wiedemann Fahrzeugtechnik<\/strong><\/span><\/h1>\n<div id=\"attachment_48\" style=\"width: 250px\" class=\"wp-caption alignleft\"><a href=\"https:\/\/www.pkw-anhaenger-achsen.de\/wp-content\/uploads\/2014\/10\/Onlineshop-Achsen-e1414057104728.jpg\"><img loading=\"lazy\" decoding=\"async\" aria-describedby=\"caption-attachment-48\" class=\"wp-image-48 size-full\" src=\"https:\/\/www.pkw-anhaenger-achsen.de\/wp-content\/uploads\/2014\/10\/Onlineshop-Achsen-e1414057104728.jpg\" alt=\"derzeit 634 Achsen im Onlineshop\" width=\"250\" height=\"262\" \/><\/a><p id=\"caption-attachment-48\" class=\"wp-caption-text\">derzeit 634 Achsen im Onlineshop<\/p><\/div>\n<p>Seit 2005 bietet <a title=\"Wiedemann Fahrzeugtechnik GmbH &amp; Co. KG\" href=\"https:\/\/www.wiedemann-fahrzeugtechnik.de\/content\/impressum\/\" target=\"_blank\" rel=\"nofollow\">Wiedemann Fahrzeugtechnik<\/a> auf seinem Onlineshop <a title=\"Onlineshop f\u00fcr Anh\u00e4ngerteile\" href=\"https:\/\/www.wiedemann-fahrzeugtechnik.de\/\" target=\"_blank\" rel=\"nofollow\">https:\/\/www.wiedemann-fahrzeugtechnik.de\/<\/a> hochwertigeAnh\u00e4ngerteile und Zubeh\u00f6r an. Dabei legt Wiedemann Fahrzeugtechnik gro\u00dfen Wert auf die Qualit\u00e4t der Produkte und ist stets bem\u00fcht, dem Kunden einen Preisvorteil zu verschaffen. Ein z\u00fcgiger Warenversand wird dem Kunden zugesichert. Da Anh\u00e4nger in den verschiedensten Ausf\u00fchrungen angeboten werden, ist Wiedemann Fahrzeugtechnik bestrebt, allen Anforderungen gerecht zu werden und Anh\u00e4ngerteile und -zubeh\u00f6r der verschiedensten Marken und Hersteller vorr\u00e4tig zu halten. So bietet der Onlineshop \u00fcber 12.500 Artikel f\u00fcr jeden Kunden an. Ausgefallene und nicht allt\u00e4gliche Anh\u00e4ngerteile oder Zubeh\u00f6r werden auf Wunsch des Kunden extra bestellt. Wiedemann Fahrzeugtechnik f\u00fchrt Anh\u00e4ngerteile und -zubeh\u00f6r aller f\u00fchrenden Hersteller, wie zum Beispiel KNOTT, BPW, Peitz und darunter auch AL-KO.<\/p>\n<p>&nbsp;<\/p>\n<p><strong>Derzeit f\u00fchrt <a title=\"Wiedemann Fahrzeugtechnik GmbH &amp; Co. KG\" href=\"https:\/\/www.wiedemann-fahrzeugtechnik.de\/content\/impressum\/\" target=\"_blank\" rel=\"nofollow\">Wiedemann Fahrzeugtechnik<\/a> eine Auswahl an 634 Achsen im Onlineshop <a title=\"Onlineshop f\u00fcr Anh\u00e4ngerteile\" href=\"https:\/\/www.wiedemann-fahrzeugtechnik.de\/\" target=\"_blank\" rel=\"nofollow\">www.wiedemann-fahrzeugtechnik.de<\/a><\/strong><\/p>\n<p>&nbsp;<\/p>\n<h2><\/h2>\n<p>&nbsp;<\/p>\n<p>&nbsp;<\/p>\n<div id=\"attachment_54\" style=\"width: 250px\" class=\"wp-caption alignright\"><a href=\"https:\/\/www.pkw-anhaenger-achsen.de\/wp-content\/uploads\/2014\/10\/25494-20058601-1.jpg\"><img loading=\"lazy\" decoding=\"async\" aria-describedby=\"caption-attachment-54\" class=\"wp-image-54 size-full\" src=\"https:\/\/www.pkw-anhaenger-achsen.de\/wp-content\/uploads\/2014\/10\/25494-20058601-1-e1414056528378.jpg\" alt=\"PKW-Anh\u00e4nger-Achsen von AL-KO\" width=\"250\" height=\"176\" \/><\/a><p id=\"caption-attachment-54\" class=\"wp-caption-text\">PKW-Anh\u00e4nger-Achsen von AL-KO<\/p><\/div>\n<h2><strong><span style=\"color: #ff6600;\">PKW-Anh\u00e4nger-Achsen von AL-KO<\/span><\/strong><\/h2>\n<p><a title=\"Onlineshop f\u00fcr Anh\u00e4ngerteile\" href=\"https:\/\/www.wiedemann-fahrzeugtechnik.de\/http:\/\/\" target=\"_blank\" rel=\"nofollow\">Wiedemann Fahrzeugtechnik<\/a> bietet 514 <a title=\"Achsen AL-KO im Onlineshop f\u00fcr Anh\u00e4ngerteile\" href=\"https:\/\/www.wiedemann-fahrzeugtechnik.de\/achsen-klemmschalen\/achsen-alko\/\" target=\"_blank\" rel=\"nofollow\">Achsen des Herstellers AL-KO<\/a> preisg\u00fcnstig und qualitativ hochwertig an. Unterkategorien erleichtern die Auswahl:<\/p>\n<p>&nbsp;<\/p>\n<ul>\n<li><a title=\"AL-KO Achsen 750kg ungebremst\" href=\"https:\/\/www.wiedemann-fahrzeugtechnik.de\/achsen-klemmschalen\/achsen-alko\/alko-achsen-750kg-ungebremst\/\" target=\"_blank\" rel=\"nofollow\">AL-KO Achsen 750kg ungebremst<\/a><\/li>\n<li><a title=\"AL-KO Hochbockachsen 750kg ungebremst\" href=\"https:\/\/www.wiedemann-fahrzeugtechnik.de\/achsen-klemmschalen\/achsen-alko\/alko-hochbockachsen-750kg-ungebremst\/\" target=\"_blank\" rel=\"nofollow\">AL-KO Hochbockachsen 750kg ungebremst<\/a><\/li>\n<li>A<a title=\"AL-KO Achsen 750kg gebremst\" href=\"https:\/\/www.wiedemann-fahrzeugtechnik.de\/achsen-klemmschalen\/achsen-alko\/al-ko-achsen-750kg-gebremst\/\" target=\"_blank\" rel=\"nofollow\">L-KO Achsen 750kg gebremst<\/a><\/li>\n<li><a title=\"AL-KO Achsen 900kg gebremst\" href=\"https:\/\/www.wiedemann-fahrzeugtechnik.de\/achsen-klemmschalen\/achsen-alko\/al-ko-achsen-900kg-gebremst\/\" target=\"_blank\" rel=\"nofollow\">AL-KO Achsen 900kg gebremst<\/a><\/li>\n<li><a title=\"AL-KO Achsen 1.000kg gebremst\" href=\"https:\/\/www.wiedemann-fahrzeugtechnik.de\/achsen-klemmschalen\/achsen-alko\/al-ko-achsen-1-000kg-gebremst\/\" target=\"_blank\" rel=\"nofollow\">AL-KO Achsen 1.000kg gebremst<\/a><\/li>\n<li><a title=\"AL-KO Achsen 1.300kg gebremst\" href=\"https:\/\/www.wiedemann-fahrzeugtechnik.de\/achsen-klemmschalen\/achsen-alko\/alko-achsen-1-300kg-gebremst\/\" target=\"_blank\" rel=\"nofollow\">AL-KO Achsen 1.300kg gebremst<\/a><\/li>\n<li><a title=\"AL-KO Achsen 1.350kg gebremst inkl.AAA (autom.Nachstellung)\" href=\"https:\/\/www.wiedemann-fahrzeugtechnik.de\/achsen-klemmschalen\/achsen-alko\/al-ko-achsen-1-350kg-gebremst-inkl-aaa-autom-nachstellung\/\" target=\"_blank\" rel=\"nofollow\">AL-KO Achsen 1.350kg gebremst inkl.AAA (autom.Nachstellung)<\/a><\/li>\n<li><a title=\"AL-KO Achsen 1.350kg gebremst\" href=\"https:\/\/www.wiedemann-fahrzeugtechnik.de\/achsen-klemmschalen\/achsen-alko\/alko-achsen-1-350kg-gebremst\/\" target=\"_blank\" rel=\"nofollow\">AL-KO Achsen 1.350kg gebremst<\/a><\/li>\n<li><a title=\"AL-KO Achsen 1.500kg gebremst\" href=\"https:\/\/www.wiedemann-fahrzeugtechnik.de\/achsen-klemmschalen\/achsen-alko\/alko-achsen-1-500kg-gebremst\/\" target=\"_blank\" rel=\"nofollow\">AL-KO Achsen 1.500kg gebremst<\/a><\/li>\n<li><a title=\"AL-KO Achsen 1.600kg gebremst\" href=\"https:\/\/www.wiedemann-fahrzeugtechnik.de\/achsen-klemmschalen\/achsen-alko\/al-ko-achsen-1-600kg-gebremst\/\" target=\"_blank\" rel=\"nofollow\">AL-KO Achsen 1.600kg gebremst<\/a><\/li>\n<li><a title=\"AL-KO Achsen 1.800kg gebremst\" href=\"https:\/\/www.wiedemann-fahrzeugtechnik.de\/achsen-klemmschalen\/achsen-alko\/alko-achsen-1-800kg-gebremst\/\">AL-KO Achsen 1.800kg gebremst<\/a><\/li>\n<li><a title=\"AL-KO Achsen 2.500kg gebremst\" href=\"https:\/\/www.wiedemann-fahrzeugtechnik.de\/achsen-klemmschalen\/achsen-alko\/al-ko-achsen-2-500kg-gebremst\/\">AL-KO Achsen 2.500kg gebremst<\/a><\/li>\n<li><a title=\"AL-KO Achsen 3.000kg gebremst\" href=\"https:\/\/www.wiedemann-fahrzeugtechnik.de\/achsen-klemmschalen\/achsen-alko\/al-ko-achsen-3-000kg-gebremst\/\" target=\"_blank\" rel=\"nofollow\">AL-KO Achsen 3.000kg gebremst<\/a><\/li>\n<li><a title=\"AL-KO Achsen 3.500kg gebremst\" href=\"https:\/\/www.wiedemann-fahrzeugtechnik.de\/achsen-klemmschalen\/achsen-alko\/al-ko-achsen-3-500kg-gebremst\/\" target=\"_blank\" rel=\"nofollow\">AL-KO Achsen 3.500kg gebremst<\/a><\/li>\n<li><a title=\"AL-KO Achsen Tandemaggregat 1.600-3.500kg gebremst\" href=\"https:\/\/www.wiedemann-fahrzeugtechnik.de\/achsen-klemmschalen\/achsen-alko\/al-ko-achsen-tandemaggregat-1-600-3-500kg-gebremst\/\" target=\"_blank\" rel=\"nofollow\">AL-KO Achsen Tandemaggregat 1.600-3.500kg gebremst<\/a><\/li>\n<li><a title=\"AL-KO Achsen starr gebremst PLUS 1.500kg mit Blattfederung\" href=\"https:\/\/www.wiedemann-fahrzeugtechnik.de\/achsen-klemmschalen\/achsen-alko\/al-ko-achsen-starr-gebremst-plus-1-500kg-mit-blattfederung\/\" target=\"_blank\" rel=\"nofollow\">AL-KO Achsen starr gebremst PLUS 1.500kg mit Blattfederung<\/a><\/li>\n<li><a title=\"AL-KO Achsen starr gebremst PLUS 1.800kg mit Blattfederung\" href=\"https:\/\/www.wiedemann-fahrzeugtechnik.de\/achsen-klemmschalen\/achsen-alko\/al-ko-achsen-starr-gebremst-plus-1-800kg-mit-blattfederung\/\" target=\"_blank\" rel=\"nofollow\">AL-KO Achsen starr gebremst PLUS 1.800kg mit Blattfederung<\/a><\/li>\n<li><a title=\"AL-KO Stahlfederachsen 3.500-4.000kg gebremst\" href=\"https:\/\/www.wiedemann-fahrzeugtechnik.de\/achsen-klemmschalen\/achsen-alko\/al-ko-stahlfederachsen-3-500-4-000kg-gebremst\/\" target=\"_blank\" rel=\"nofollow\">AL-KO Stahlfederachsen 3.500-4.000kg gebremst<\/a><\/li>\n<\/ul>\n<p>&nbsp;<\/p>\n<h2><span style=\"color: #ff6600;\"><strong>Wiedemann Fahrzeugtechnik ist Ihr autorisierter Al-KO Partner<\/strong><\/span><\/h2>\n<div id=\"attachment_53\" style=\"width: 250px\" class=\"wp-caption alignleft\"><a href=\"https:\/\/www.pkw-anhaenger-achsen.de\/wp-content\/uploads\/2014\/10\/alko-e1414056396851.jpg\"><img loading=\"lazy\" decoding=\"async\" aria-describedby=\"caption-attachment-53\" class=\"wp-image-53 size-full\" src=\"https:\/\/www.pkw-anhaenger-achsen.de\/wp-content\/uploads\/2014\/10\/alko-e1414056396851.jpg\" alt=\"Wiedemann Fahrzeugtechnik und AL-KO sind Partner\" width=\"250\" height=\"188\" \/><\/a><p id=\"caption-attachment-53\" class=\"wp-caption-text\">Wiedemann Fahrzeugtechnik und AL-KO sind Partner<\/p><\/div>\n<p>Als autorisierter Al-KO Partner k\u00f6nnen wir Ihnen bei Achsen, Deichseln, Bremsen, Kupplungen, Zugholmen, Gest\u00e4ngen, Achsen, Sto\u00dfd\u00e4mpfer, St\u00fctzr\u00e4der und einem reichhaltigen Zubeh\u00f6r g\u00fcnstige Angebote machen. Lassen Sie sich \u00fcberraschen. Wir als AL-KO-Partner sind auch gerne f\u00fcr Sie da, wenn Sie Fragen zu der vielf\u00e4ltigen AL-KO-Produktpalette haben und Informationen brauchen, welche die richtige Achse, die optimale Auflaufeinrichtung, das geeignete Anh\u00e4ngerfahrgestell, die besten Bremsseile und Bremsbacken, die idealen R\u00e4der und St\u00fctzr\u00e4der f\u00fcr Sie ist.<\/p>\n<p>&nbsp;<\/p>\n<p>&nbsp;<\/p>\n<p>&nbsp;<\/p>\n<p>&nbsp;<\/p>\n<p>&nbsp;<\/p>\n<h2><strong><span style=\"color: #ff6600;\">PKW-Anh\u00e4nger-Achsen von KNOTT<\/span><\/strong><\/h2>\n<div id=\"attachment_56\" style=\"width: 251px\" class=\"wp-caption alignright\"><a href=\"https:\/\/www.wiedemann-fahrzeugtechnik.de\/achsen-klemmschalen\/achsen-knott\/\"><img loading=\"lazy\" decoding=\"async\" aria-describedby=\"caption-attachment-56\" class=\"wp-image-56 size-full\" src=\"https:\/\/www.pkw-anhaenger-achsen.de\/wp-content\/uploads\/2014\/10\/680-e1414057020521.jpg\" alt=\"Achsen von Knott im Onlineshop f\u00fcr Anh\u00e4ngerteile\" width=\"251\" height=\"188\" \/><\/a><p id=\"caption-attachment-56\" class=\"wp-caption-text\">Achsen von Knott im Onlineshop f\u00fcr Anh\u00e4ngerteile<\/p><\/div>\n<p><a title=\"Onlineshop f\u00fcr Anh\u00e4ngerteile\" href=\"https:\/\/www.wiedemann-fahrzeugtechnik.de\/\" target=\"_blank\" rel=\"nofollow\">Wiedemann Fahrzeugtechnik<\/a> bietet 116 <a title=\"Achsen von KNOTT im Onlineshop f\u00fcr Anh\u00e4ngerteile\" href=\"https:\/\/www.wiedemann-fahrzeugtechnik.de\/achsen-klemmschalen\/achsen-knott\/\" target=\"_blank\" rel=\"nofollow\">Achsen des Herstellers AL-KO<\/a> preisg\u00fcnstig und qualitativ hochwertig an. Unterkategorien erleichtern die Auswahl:<\/p>\n<p>&nbsp;<\/p>\n<ul>\n<li><a title=\"Knott Gummifeder Achse VG7-L, 750kg ungebremst\" href=\"Knott%20Gummifeder Achse VG7-L, 750kg ungebremst\" target=\"_blank\" rel=\"nofollow\">Knott Gummifeder Achse VG7-L, 750kg ungebremst<\/a><\/li>\n<li><a title=\"Knott Hochbockachse 750kg\" href=\"https:\/\/www.wiedemann-fahrzeugtechnik.de\/achsen-klemmschalen\/achsen-knott\/knott-hochbockachse-750kg\/\" target=\"_blank\" rel=\"nofollow\">Knott Hochbockachse 750kg<\/a><\/li>\n<li><a title=\"Knott Gummifeder Achse VG10-M, 1050kg ungebremst\" href=\"https:\/\/www.wiedemann-fahrzeugtechnik.de\/achsen-klemmschalen\/achsen-knott\/knott-gummifeder-achse-vg10-m-1050kg-ungebremst\/\" target=\"_blank\" rel=\"nofollow\">Knott Gummifeder Achse VG10-M, 1050kg ungebremst<\/a><\/li>\n<li><a title=\"Knott Gummifeder Achse VG13-M, 1350kg ungebremst\" href=\"https:\/\/www.wiedemann-fahrzeugtechnik.de\/achsen-klemmschalen\/achsen-knott\/knott-gummifeder-achse-vg13-m-1350kg-ungebremst\/\" target=\"_blank\" rel=\"nofollow\">Knott Gummifeder Achse VG13-M, 1350kg ungebremst<\/a><\/li>\n<li><a title=\"Knott Gummifeder Achse VGB10-M 1050kg gebremst\" href=\"https:\/\/www.wiedemann-fahrzeugtechnik.de\/achsen-klemmschalen\/achsen-knott\/knott-gummifeder-achse-vgb10-m-1050kg-gebremst\/\" target=\"_blank\" rel=\"nofollow\">Knott Gummifeder Achse VGB10-M 1050kg gebremst<\/a><\/li>\n<li><a title=\"Knott Gummifeder Achse VGB13-M 1350kg gebremst\" href=\"https:\/\/www.wiedemann-fahrzeugtechnik.de\/achsen-klemmschalen\/achsen-knott\/knott-gummifeder-achse-vgb13-m-1350kg-gebremst\/\" target=\"_blank\" rel=\"nofollow\">Knott Gummifeder Achse VGB13-M 1350kg gebremst<\/a><\/li>\n<li><a title=\"Knott Gummifeder Achse VGB15-M 1500kg gebremst\" href=\"https:\/\/www.wiedemann-fahrzeugtechnik.de\/achsen-klemmschalen\/achsen-knott\/knott-gummifeder-achse-vgb15-m-1500kg-gebremst\/\" target=\"_blank\" rel=\"nofollow\">Knott Gummifeder Achse VGB15-M 1500kg gebremst<\/a><\/li>\n<li><a title=\"Knott Gummifeder Achse VGB18-MV 1800kg gebremst\" href=\"https:\/\/www.wiedemann-fahrzeugtechnik.de\/achsen-klemmschalen\/achsen-knott\/knott-gummifeder-achse-vgb18-mv-1800kg-gebremst\/\" target=\"_blank\" rel=\"nofollow\">Knott Gummifeder Achse VGB18-MV 1800kg gebremst<\/a><\/li>\n<li><a title=\"Boot-Achsen und Sonderma\u00dfe\" href=\"https:\/\/www.wiedemann-fahrzeugtechnik.de\/achsen-klemmschalen\/achsen-knott\/boot-achsen-und-sondermasse\/\" target=\"_blank\" rel=\"nofollow\">Boot-Achsen und Sonderma\u00dfe<\/a><\/li>\n<\/ul>\n<p>&nbsp;<\/p>\n","protected":false},"excerpt":{"rendered":"<p>Wiedemann Fahrzeugtechnik Seit 2005 bietet Wiedemann Fahrzeugtechnik auf seinem Onlineshop https:\/\/www.wiedemann-fahrzeugtechnik.de\/ hochwertigeAnh\u00e4ngerteile und Zubeh\u00f6r an. Dabei legt Wiedemann Fahrzeugtechnik gro\u00dfen Wert auf die Qualit\u00e4t der Produkte und ist stets bem\u00fcht, dem Kunden einen Preisvorteil zu verschaffen. Ein z\u00fcgiger Warenversand wird dem Kunden zugesichert. Da Anh\u00e4nger in den verschiedensten Ausf\u00fchrungen angeboten werden, ist Wiedemann Fahrzeugtechnik bestrebt, &hellip; <\/p>\n<p><a class=\"more-link btn\" href=\"https:\/\/www.pkw-anhaenger-achsen.de\/?page_id=45\">Weiterlesen<\/a><\/p>\n","protected":false},"author":1,"featured_media":0,"parent":0,"menu_order":4,"comment_status":"open","ping_status":"open","template":"","meta":{"footnotes":""},"class_list":["post-45","page","type-page","status-publish","hentry","nodate","item-wrap"],"yoast_head":"<!-- This site is optimized with the Yoast SEO plugin v27.4 - https:\/\/yoast.com\/product\/yoast-seo-wordpress\/ -->\n<title>Wiedemann Fahrzeugtechnik - PKW-Anh\u00e4nger-Achsen.de<\/title>\n<meta name=\"robots\" content=\"index, follow, max-snippet:-1, max-image-preview:large, max-video-preview:-1\" \/>\n<link rel=\"canonical\" href=\"https:\/\/www.pkw-anhaenger-achsen.de\/?page_id=45\" \/>\n<meta property=\"og:locale\" content=\"de_DE\" \/>\n<meta property=\"og:type\" content=\"article\" \/>\n<meta property=\"og:title\" content=\"Wiedemann Fahrzeugtechnik - PKW-Anh\u00e4nger-Achsen.de\" \/>\n<meta property=\"og:description\" content=\"Wiedemann Fahrzeugtechnik Seit 2005 bietet Wiedemann Fahrzeugtechnik auf seinem Onlineshop https:\/\/www.wiedemann-fahrzeugtechnik.de\/ hochwertigeAnh\u00e4ngerteile und Zubeh\u00f6r an. Dabei legt Wiedemann Fahrzeugtechnik gro\u00dfen Wert auf die Qualit\u00e4t der Produkte und ist stets bem\u00fcht, dem Kunden einen Preisvorteil zu verschaffen. Ein z\u00fcgiger Warenversand wird dem Kunden zugesichert. Da Anh\u00e4nger in den verschiedensten Ausf\u00fchrungen angeboten werden, ist Wiedemann Fahrzeugtechnik bestrebt, &hellip; Weiterlesen\" \/>\n<meta property=\"og:url\" content=\"https:\/\/www.pkw-anhaenger-achsen.de\/?page_id=45\" \/>\n<meta property=\"og:site_name\" content=\"PKW-Anh\u00e4nger-Achsen.de\" \/>\n<meta property=\"article:modified_time\" content=\"2014-10-23T14:43:09+00:00\" \/>\n<meta property=\"og:image\" content=\"http:\/\/www.pkw-anhaenger-achsen.de\/wp-content\/uploads\/2014\/10\/Onlineshop-Achsen-e1414057104728.jpg\" \/>\n<meta name=\"twitter:label1\" content=\"Gesch\u00e4tzte Lesezeit\" \/>\n\t<meta name=\"twitter:data1\" content=\"2\u00a0Minuten\" \/>\n<script type=\"application\/ld+json\" class=\"yoast-schema-graph\">{\"@context\":\"https:\\\/\\\/schema.org\",\"@graph\":[{\"@type\":\"WebPage\",\"@id\":\"https:\\\/\\\/www.pkw-anhaenger-achsen.de\\\/?page_id=45\",\"url\":\"https:\\\/\\\/www.pkw-anhaenger-achsen.de\\\/?page_id=45\",\"name\":\"Wiedemann Fahrzeugtechnik - PKW-Anh\u00e4nger-Achsen.de\",\"isPartOf\":{\"@id\":\"https:\\\/\\\/www.pkw-anhaenger-achsen.de\\\/#website\"},\"primaryImageOfPage\":{\"@id\":\"https:\\\/\\\/www.pkw-anhaenger-achsen.de\\\/?page_id=45#primaryimage\"},\"image\":{\"@id\":\"https:\\\/\\\/www.pkw-anhaenger-achsen.de\\\/?page_id=45#primaryimage\"},\"thumbnailUrl\":\"http:\\\/\\\/www.pkw-anhaenger-achsen.de\\\/wp-content\\\/uploads\\\/2014\\\/10\\\/Onlineshop-Achsen-e1414057104728.jpg\",\"datePublished\":\"2014-10-23T08:42:31+00:00\",\"dateModified\":\"2014-10-23T14:43:09+00:00\",\"breadcrumb\":{\"@id\":\"https:\\\/\\\/www.pkw-anhaenger-achsen.de\\\/?page_id=45#breadcrumb\"},\"inLanguage\":\"de\",\"potentialAction\":[{\"@type\":\"ReadAction\",\"target\":[\"https:\\\/\\\/www.pkw-anhaenger-achsen.de\\\/?page_id=45\"]}]},{\"@type\":\"ImageObject\",\"inLanguage\":\"de\",\"@id\":\"https:\\\/\\\/www.pkw-anhaenger-achsen.de\\\/?page_id=45#primaryimage\",\"url\":\"http:\\\/\\\/www.pkw-anhaenger-achsen.de\\\/wp-content\\\/uploads\\\/2014\\\/10\\\/Onlineshop-Achsen-e1414057104728.jpg\",\"contentUrl\":\"http:\\\/\\\/www.pkw-anhaenger-achsen.de\\\/wp-content\\\/uploads\\\/2014\\\/10\\\/Onlineshop-Achsen-e1414057104728.jpg\"},{\"@type\":\"BreadcrumbList\",\"@id\":\"https:\\\/\\\/www.pkw-anhaenger-achsen.de\\\/?page_id=45#breadcrumb\",\"itemListElement\":[{\"@type\":\"ListItem\",\"position\":1,\"name\":\"Home\",\"item\":\"https:\\\/\\\/www.pkw-anhaenger-achsen.de\\\/\"},{\"@type\":\"ListItem\",\"position\":2,\"name\":\"Wiedemann Fahrzeugtechnik\"}]},{\"@type\":\"WebSite\",\"@id\":\"https:\\\/\\\/www.pkw-anhaenger-achsen.de\\\/#website\",\"url\":\"https:\\\/\\\/www.pkw-anhaenger-achsen.de\\\/\",\"name\":\"PKW-Anh\u00e4nger-Achsen.de\",\"description\":\"Eine weitere WordPress-Seite\",\"potentialAction\":[{\"@type\":\"SearchAction\",\"target\":{\"@type\":\"EntryPoint\",\"urlTemplate\":\"https:\\\/\\\/www.pkw-anhaenger-achsen.de\\\/?s={search_term_string}\"},\"query-input\":{\"@type\":\"PropertyValueSpecification\",\"valueRequired\":true,\"valueName\":\"search_term_string\"}}],\"inLanguage\":\"de\"}]}<\/script>\n<!-- \/ Yoast SEO plugin. -->","yoast_head_json":{"title":"Wiedemann Fahrzeugtechnik - PKW-Anh\u00e4nger-Achsen.de","robots":{"index":"index","follow":"follow","max-snippet":"max-snippet:-1","max-image-preview":"max-image-preview:large","max-video-preview":"max-video-preview:-1"},"canonical":"https:\/\/www.pkw-anhaenger-achsen.de\/?page_id=45","og_locale":"de_DE","og_type":"article","og_title":"Wiedemann Fahrzeugtechnik - PKW-Anh\u00e4nger-Achsen.de","og_description":"Wiedemann Fahrzeugtechnik Seit 2005 bietet Wiedemann Fahrzeugtechnik auf seinem Onlineshop https:\/\/www.wiedemann-fahrzeugtechnik.de\/ hochwertigeAnh\u00e4ngerteile und Zubeh\u00f6r an. Dabei legt Wiedemann Fahrzeugtechnik gro\u00dfen Wert auf die Qualit\u00e4t der Produkte und ist stets bem\u00fcht, dem Kunden einen Preisvorteil zu verschaffen. Ein z\u00fcgiger Warenversand wird dem Kunden zugesichert. Da Anh\u00e4nger in den verschiedensten Ausf\u00fchrungen angeboten werden, ist Wiedemann Fahrzeugtechnik bestrebt, &hellip; Weiterlesen","og_url":"https:\/\/www.pkw-anhaenger-achsen.de\/?page_id=45","og_site_name":"PKW-Anh\u00e4nger-Achsen.de","article_modified_time":"2014-10-23T14:43:09+00:00","og_image":[{"url":"http:\/\/www.pkw-anhaenger-achsen.de\/wp-content\/uploads\/2014\/10\/Onlineshop-Achsen-e1414057104728.jpg","type":"","width":"","height":""}],"twitter_misc":{"Gesch\u00e4tzte Lesezeit":"2\u00a0Minuten"},"schema":{"@context":"https:\/\/schema.org","@graph":[{"@type":"WebPage","@id":"https:\/\/www.pkw-anhaenger-achsen.de\/?page_id=45","url":"https:\/\/www.pkw-anhaenger-achsen.de\/?page_id=45","name":"Wiedemann Fahrzeugtechnik - PKW-Anh\u00e4nger-Achsen.de","isPartOf":{"@id":"https:\/\/www.pkw-anhaenger-achsen.de\/#website"},"primaryImageOfPage":{"@id":"https:\/\/www.pkw-anhaenger-achsen.de\/?page_id=45#primaryimage"},"image":{"@id":"https:\/\/www.pkw-anhaenger-achsen.de\/?page_id=45#primaryimage"},"thumbnailUrl":"http:\/\/www.pkw-anhaenger-achsen.de\/wp-content\/uploads\/2014\/10\/Onlineshop-Achsen-e1414057104728.jpg","datePublished":"2014-10-23T08:42:31+00:00","dateModified":"2014-10-23T14:43:09+00:00","breadcrumb":{"@id":"https:\/\/www.pkw-anhaenger-achsen.de\/?page_id=45#breadcrumb"},"inLanguage":"de","potentialAction":[{"@type":"ReadAction","target":["https:\/\/www.pkw-anhaenger-achsen.de\/?page_id=45"]}]},{"@type":"ImageObject","inLanguage":"de","@id":"https:\/\/www.pkw-anhaenger-achsen.de\/?page_id=45#primaryimage","url":"http:\/\/www.pkw-anhaenger-achsen.de\/wp-content\/uploads\/2014\/10\/Onlineshop-Achsen-e1414057104728.jpg","contentUrl":"http:\/\/www.pkw-anhaenger-achsen.de\/wp-content\/uploads\/2014\/10\/Onlineshop-Achsen-e1414057104728.jpg"},{"@type":"BreadcrumbList","@id":"https:\/\/www.pkw-anhaenger-achsen.de\/?page_id=45#breadcrumb","itemListElement":[{"@type":"ListItem","position":1,"name":"Home","item":"https:\/\/www.pkw-anhaenger-achsen.de\/"},{"@type":"ListItem","position":2,"name":"Wiedemann Fahrzeugtechnik"}]},{"@type":"WebSite","@id":"https:\/\/www.pkw-anhaenger-achsen.de\/#website","url":"https:\/\/www.pkw-anhaenger-achsen.de\/","name":"PKW-Anh\u00e4nger-Achsen.de","description":"Eine weitere WordPress-Seite","potentialAction":[{"@type":"SearchAction","target":{"@type":"EntryPoint","urlTemplate":"https:\/\/www.pkw-anhaenger-achsen.de\/?s={search_term_string}"},"query-input":{"@type":"PropertyValueSpecification","valueRequired":true,"valueName":"search_term_string"}}],"inLanguage":"de"}]}},"_links":{"self":[{"href":"https:\/\/www.pkw-anhaenger-achsen.de\/index.php?rest_route=\/wp\/v2\/pages\/45","targetHints":{"allow":["GET"]}}],"collection":[{"href":"https:\/\/www.pkw-anhaenger-achsen.de\/index.php?rest_route=\/wp\/v2\/pages"}],"about":[{"href":"https:\/\/www.pkw-anhaenger-achsen.de\/index.php?rest_route=\/wp\/v2\/types\/page"}],"author":[{"embeddable":true,"href":"https:\/\/www.pkw-anhaenger-achsen.de\/index.php?rest_route=\/wp\/v2\/users\/1"}],"replies":[{"embeddable":true,"href":"https:\/\/www.pkw-anhaenger-achsen.de\/index.php?rest_route=%2Fwp%2Fv2%2Fcomments&post=45"}],"version-history":[{"count":19,"href":"https:\/\/www.pkw-anhaenger-achsen.de\/index.php?rest_route=\/wp\/v2\/pages\/45\/revisions"}],"predecessor-version":[{"id":86,"href":"https:\/\/www.pkw-anhaenger-achsen.de\/index.php?rest_route=\/wp\/v2\/pages\/45\/revisions\/86"}],"wp:attachment":[{"href":"https:\/\/www.pkw-anhaenger-achsen.de\/index.php?rest_route=%2Fwp%2Fv2%2Fmedia&parent=45"}],"curies":[{"name":"wp","href":"https:\/\/api.w.org\/{rel}","templated":true}]}}