{"id":20,"date":"2014-10-23T09:41:03","date_gmt":"2014-10-23T07:41:03","guid":{"rendered":"http:\/\/www.pkw-anhaenger-achsen.de\/?page_id=20"},"modified":"2014-10-23T16:42:02","modified_gmt":"2014-10-23T14:42:02","slug":"pkw-anhaenger","status":"publish","type":"page","link":"https:\/\/www.pkw-anhaenger-achsen.de\/?page_id=20","title":{"rendered":"PKW-Anh\u00e4nger"},"content":{"rendered":"<div id=\"attachment_11\" style=\"width: 300px\" class=\"wp-caption alignright\"><a href=\"https:\/\/www.pkw-anhaenger-achsen.de\/wp-content\/uploads\/2014\/10\/1761-Bild-1-e1414049239296.jpg\"><img loading=\"lazy\" decoding=\"async\" aria-describedby=\"caption-attachment-11\" class=\"wp-image-11 size-medium\" src=\"https:\/\/www.pkw-anhaenger-achsen.de\/wp-content\/uploads\/2014\/10\/1761-Bild-1-300x227.jpg\" alt=\"PKW-Werbeanh\u00e4nger\" width=\"300\" height=\"227\" \/><\/a><p id=\"caption-attachment-11\" class=\"wp-caption-text\">PKW-Werbeanh\u00e4nger<\/p><\/div>\n<h1><span style=\"color: #ff6600;\"><strong>PKW-Anh\u00e4nger<\/strong><\/span><\/h1>\n<p>bilden den gr\u00f6\u00dften Anteil von allen Anh\u00e4ngertypen.<\/p>\n<p>&nbsp;<\/p>\n<p>&nbsp;<\/p>\n<h2><span style=\"color: #ff6600;\"><strong>Zu den PKW-Anh\u00e4nger z\u00e4hlen:<\/strong><\/span><\/h2>\n<ul>\n<li>Lastanh\u00e4nger<\/li>\n<li>Pferdeanh\u00e4nger<\/li>\n<li>Bootstrailer<\/li>\n<li>Wohnw\u00e4gen<\/li>\n<li>Verkaufswagen<\/li>\n<li>Imbissw\u00e4gen<\/li>\n<li>Werbeanh\u00e4nger<\/li>\n<\/ul>\n<p>&nbsp;<\/p>\n<p>Bei diesen Anh\u00e4ngern ist die Deichsel starr mit dem Anh\u00e4ngerrahmen verbunden. Er besitzt eine bis zwei Achsen, welche starr mit dem Rahmen verbunden sind. Nahezu alle Pkw-Anh\u00e4nger sind als Starrdeichselanh\u00e4nger gebaut. In Deutschland gilt nach der in der EU angeglichenen StVZO ebenso wie in \u00d6sterreich ein solcher bis 750\u00a0kg zul\u00e4ssigem Gesamtgewicht als Leichter Anh\u00e4nger und braucht keine eigene Bremse. Ab diesem Gesamtgewicht ist eine Bremse vorgeschrieben. In Europa ist dies in aller Regel eine Auflaufbremse. Auflaufbremsen sind zul\u00e4ssig bis 3.500\u00a0kg zul\u00e4ssigem Gesamtgewicht. Schwerere Anh\u00e4nger ben\u00f6tigen eine durchgehende Bremsanlage, dies ist fast immer eine Druckluftbremse.<\/p>\n<p>Die meisten Wohnanh\u00e4nger sind Starrdeichselanh\u00e4nger mit einer Achse oder einer Tandemachse. Pferdeanh\u00e4nger sind \u00fcberwiegend als Tandemanh\u00e4nger ausgef\u00fchrt. Hier werden je nach Einsatzzweck verschiedene Federungssysteme angeboten wie beispielsweise Gummifederachsen, Drehstabfederachsen, Drehschubfederachsen.<\/p>\n<p>Wenn bei einem PKW-Anh\u00e4nger zwei Achsen hintereinander gebaut werden, ist das Fahrverhalten \u00e4hnlich dem eines einachsigen Anh\u00e4ngers. Solche Anh\u00e4nger brauchen keinen Drehschemel \u2013 die Deichsel ist fest mit dem Anh\u00e4ngerchassis verbunden, und beide Achsen sind nicht lenkbar. Dies wird mit h\u00f6herem Reifenabrieb bei engen Kurvenradien erkauft. Wenn die Achsen einen Abstand unter einem Meter haben, gelten sie in Deutschland nach dem Gesetz als einachsig; daf\u00fcr hat sich der Begriff Tandemanh\u00e4nger etabliert.<\/p>\n<p>&nbsp;<\/p>\n<p>&nbsp;<\/p>\n<p>&nbsp;<\/p>\n","protected":false},"excerpt":{"rendered":"<p>PKW-Anh\u00e4nger bilden den gr\u00f6\u00dften Anteil von allen Anh\u00e4ngertypen. &nbsp; &nbsp; Zu den PKW-Anh\u00e4nger z\u00e4hlen: Lastanh\u00e4nger Pferdeanh\u00e4nger Bootstrailer Wohnw\u00e4gen Verkaufswagen Imbissw\u00e4gen Werbeanh\u00e4nger &nbsp; Bei diesen Anh\u00e4ngern ist die Deichsel starr mit dem Anh\u00e4ngerrahmen verbunden. Er besitzt eine bis zwei Achsen, welche starr mit dem Rahmen verbunden sind. Nahezu alle Pkw-Anh\u00e4nger sind als Starrdeichselanh\u00e4nger gebaut. In Deutschland &hellip; <\/p>\n<p><a class=\"more-link btn\" href=\"https:\/\/www.pkw-anhaenger-achsen.de\/?page_id=20\">Weiterlesen<\/a><\/p>\n","protected":false},"author":1,"featured_media":0,"parent":0,"menu_order":2,"comment_status":"open","ping_status":"open","template":"","meta":{"footnotes":""},"class_list":["post-20","page","type-page","status-publish","hentry","nodate","item-wrap"],"yoast_head":"<!-- This site is optimized with the Yoast SEO plugin v27.4 - https:\/\/yoast.com\/product\/yoast-seo-wordpress\/ -->\n<title>PKW-Anh\u00e4nger - PKW-Anh\u00e4nger-Achsen.de<\/title>\n<meta name=\"robots\" content=\"index, follow, max-snippet:-1, max-image-preview:large, max-video-preview:-1\" \/>\n<link rel=\"canonical\" href=\"https:\/\/www.pkw-anhaenger-achsen.de\/?page_id=20\" \/>\n<meta property=\"og:locale\" content=\"de_DE\" \/>\n<meta property=\"og:type\" content=\"article\" \/>\n<meta property=\"og:title\" content=\"PKW-Anh\u00e4nger - PKW-Anh\u00e4nger-Achsen.de\" \/>\n<meta property=\"og:description\" content=\"PKW-Anh\u00e4nger bilden den gr\u00f6\u00dften Anteil von allen Anh\u00e4ngertypen. &nbsp; &nbsp; Zu den PKW-Anh\u00e4nger z\u00e4hlen: Lastanh\u00e4nger Pferdeanh\u00e4nger Bootstrailer Wohnw\u00e4gen Verkaufswagen Imbissw\u00e4gen Werbeanh\u00e4nger &nbsp; Bei diesen Anh\u00e4ngern ist die Deichsel starr mit dem Anh\u00e4ngerrahmen verbunden. Er besitzt eine bis zwei Achsen, welche starr mit dem Rahmen verbunden sind. Nahezu alle Pkw-Anh\u00e4nger sind als Starrdeichselanh\u00e4nger gebaut. In Deutschland &hellip; Weiterlesen\" \/>\n<meta property=\"og:url\" content=\"https:\/\/www.pkw-anhaenger-achsen.de\/?page_id=20\" \/>\n<meta property=\"og:site_name\" content=\"PKW-Anh\u00e4nger-Achsen.de\" \/>\n<meta property=\"article:modified_time\" content=\"2014-10-23T14:42:02+00:00\" \/>\n<meta property=\"og:image\" content=\"http:\/\/www.pkw-anhaenger-achsen.de\/wp-content\/uploads\/2014\/10\/1761-Bild-1-300x227.jpg\" \/>\n<meta name=\"twitter:label1\" content=\"Gesch\u00e4tzte Lesezeit\" \/>\n\t<meta name=\"twitter:data1\" content=\"1\u00a0Minute\" \/>\n<script type=\"application\/ld+json\" class=\"yoast-schema-graph\">{\"@context\":\"https:\\\/\\\/schema.org\",\"@graph\":[{\"@type\":\"WebPage\",\"@id\":\"https:\\\/\\\/www.pkw-anhaenger-achsen.de\\\/?page_id=20\",\"url\":\"https:\\\/\\\/www.pkw-anhaenger-achsen.de\\\/?page_id=20\",\"name\":\"PKW-Anh\u00e4nger - PKW-Anh\u00e4nger-Achsen.de\",\"isPartOf\":{\"@id\":\"https:\\\/\\\/www.pkw-anhaenger-achsen.de\\\/#website\"},\"primaryImageOfPage\":{\"@id\":\"https:\\\/\\\/www.pkw-anhaenger-achsen.de\\\/?page_id=20#primaryimage\"},\"image\":{\"@id\":\"https:\\\/\\\/www.pkw-anhaenger-achsen.de\\\/?page_id=20#primaryimage\"},\"thumbnailUrl\":\"http:\\\/\\\/www.pkw-anhaenger-achsen.de\\\/wp-content\\\/uploads\\\/2014\\\/10\\\/1761-Bild-1-300x227.jpg\",\"datePublished\":\"2014-10-23T07:41:03+00:00\",\"dateModified\":\"2014-10-23T14:42:02+00:00\",\"breadcrumb\":{\"@id\":\"https:\\\/\\\/www.pkw-anhaenger-achsen.de\\\/?page_id=20#breadcrumb\"},\"inLanguage\":\"de\",\"potentialAction\":[{\"@type\":\"ReadAction\",\"target\":[\"https:\\\/\\\/www.pkw-anhaenger-achsen.de\\\/?page_id=20\"]}]},{\"@type\":\"ImageObject\",\"inLanguage\":\"de\",\"@id\":\"https:\\\/\\\/www.pkw-anhaenger-achsen.de\\\/?page_id=20#primaryimage\",\"url\":\"http:\\\/\\\/www.pkw-anhaenger-achsen.de\\\/wp-content\\\/uploads\\\/2014\\\/10\\\/1761-Bild-1-300x227.jpg\",\"contentUrl\":\"http:\\\/\\\/www.pkw-anhaenger-achsen.de\\\/wp-content\\\/uploads\\\/2014\\\/10\\\/1761-Bild-1-300x227.jpg\"},{\"@type\":\"BreadcrumbList\",\"@id\":\"https:\\\/\\\/www.pkw-anhaenger-achsen.de\\\/?page_id=20#breadcrumb\",\"itemListElement\":[{\"@type\":\"ListItem\",\"position\":1,\"name\":\"Home\",\"item\":\"https:\\\/\\\/www.pkw-anhaenger-achsen.de\\\/\"},{\"@type\":\"ListItem\",\"position\":2,\"name\":\"PKW-Anh\u00e4nger\"}]},{\"@type\":\"WebSite\",\"@id\":\"https:\\\/\\\/www.pkw-anhaenger-achsen.de\\\/#website\",\"url\":\"https:\\\/\\\/www.pkw-anhaenger-achsen.de\\\/\",\"name\":\"PKW-Anh\u00e4nger-Achsen.de\",\"description\":\"Eine weitere WordPress-Seite\",\"potentialAction\":[{\"@type\":\"SearchAction\",\"target\":{\"@type\":\"EntryPoint\",\"urlTemplate\":\"https:\\\/\\\/www.pkw-anhaenger-achsen.de\\\/?s={search_term_string}\"},\"query-input\":{\"@type\":\"PropertyValueSpecification\",\"valueRequired\":true,\"valueName\":\"search_term_string\"}}],\"inLanguage\":\"de\"}]}<\/script>\n<!-- \/ Yoast SEO plugin. -->","yoast_head_json":{"title":"PKW-Anh\u00e4nger - PKW-Anh\u00e4nger-Achsen.de","robots":{"index":"index","follow":"follow","max-snippet":"max-snippet:-1","max-image-preview":"max-image-preview:large","max-video-preview":"max-video-preview:-1"},"canonical":"https:\/\/www.pkw-anhaenger-achsen.de\/?page_id=20","og_locale":"de_DE","og_type":"article","og_title":"PKW-Anh\u00e4nger - PKW-Anh\u00e4nger-Achsen.de","og_description":"PKW-Anh\u00e4nger bilden den gr\u00f6\u00dften Anteil von allen Anh\u00e4ngertypen. &nbsp; &nbsp; Zu den PKW-Anh\u00e4nger z\u00e4hlen: Lastanh\u00e4nger Pferdeanh\u00e4nger Bootstrailer Wohnw\u00e4gen Verkaufswagen Imbissw\u00e4gen Werbeanh\u00e4nger &nbsp; Bei diesen Anh\u00e4ngern ist die Deichsel starr mit dem Anh\u00e4ngerrahmen verbunden. Er besitzt eine bis zwei Achsen, welche starr mit dem Rahmen verbunden sind. Nahezu alle Pkw-Anh\u00e4nger sind als Starrdeichselanh\u00e4nger gebaut. In Deutschland &hellip; Weiterlesen","og_url":"https:\/\/www.pkw-anhaenger-achsen.de\/?page_id=20","og_site_name":"PKW-Anh\u00e4nger-Achsen.de","article_modified_time":"2014-10-23T14:42:02+00:00","og_image":[{"url":"http:\/\/www.pkw-anhaenger-achsen.de\/wp-content\/uploads\/2014\/10\/1761-Bild-1-300x227.jpg","type":"","width":"","height":""}],"twitter_misc":{"Gesch\u00e4tzte Lesezeit":"1\u00a0Minute"},"schema":{"@context":"https:\/\/schema.org","@graph":[{"@type":"WebPage","@id":"https:\/\/www.pkw-anhaenger-achsen.de\/?page_id=20","url":"https:\/\/www.pkw-anhaenger-achsen.de\/?page_id=20","name":"PKW-Anh\u00e4nger - PKW-Anh\u00e4nger-Achsen.de","isPartOf":{"@id":"https:\/\/www.pkw-anhaenger-achsen.de\/#website"},"primaryImageOfPage":{"@id":"https:\/\/www.pkw-anhaenger-achsen.de\/?page_id=20#primaryimage"},"image":{"@id":"https:\/\/www.pkw-anhaenger-achsen.de\/?page_id=20#primaryimage"},"thumbnailUrl":"http:\/\/www.pkw-anhaenger-achsen.de\/wp-content\/uploads\/2014\/10\/1761-Bild-1-300x227.jpg","datePublished":"2014-10-23T07:41:03+00:00","dateModified":"2014-10-23T14:42:02+00:00","breadcrumb":{"@id":"https:\/\/www.pkw-anhaenger-achsen.de\/?page_id=20#breadcrumb"},"inLanguage":"de","potentialAction":[{"@type":"ReadAction","target":["https:\/\/www.pkw-anhaenger-achsen.de\/?page_id=20"]}]},{"@type":"ImageObject","inLanguage":"de","@id":"https:\/\/www.pkw-anhaenger-achsen.de\/?page_id=20#primaryimage","url":"http:\/\/www.pkw-anhaenger-achsen.de\/wp-content\/uploads\/2014\/10\/1761-Bild-1-300x227.jpg","contentUrl":"http:\/\/www.pkw-anhaenger-achsen.de\/wp-content\/uploads\/2014\/10\/1761-Bild-1-300x227.jpg"},{"@type":"BreadcrumbList","@id":"https:\/\/www.pkw-anhaenger-achsen.de\/?page_id=20#breadcrumb","itemListElement":[{"@type":"ListItem","position":1,"name":"Home","item":"https:\/\/www.pkw-anhaenger-achsen.de\/"},{"@type":"ListItem","position":2,"name":"PKW-Anh\u00e4nger"}]},{"@type":"WebSite","@id":"https:\/\/www.pkw-anhaenger-achsen.de\/#website","url":"https:\/\/www.pkw-anhaenger-achsen.de\/","name":"PKW-Anh\u00e4nger-Achsen.de","description":"Eine weitere WordPress-Seite","potentialAction":[{"@type":"SearchAction","target":{"@type":"EntryPoint","urlTemplate":"https:\/\/www.pkw-anhaenger-achsen.de\/?s={search_term_string}"},"query-input":{"@type":"PropertyValueSpecification","valueRequired":true,"valueName":"search_term_string"}}],"inLanguage":"de"}]}},"_links":{"self":[{"href":"https:\/\/www.pkw-anhaenger-achsen.de\/index.php?rest_route=\/wp\/v2\/pages\/20","targetHints":{"allow":["GET"]}}],"collection":[{"href":"https:\/\/www.pkw-anhaenger-achsen.de\/index.php?rest_route=\/wp\/v2\/pages"}],"about":[{"href":"https:\/\/www.pkw-anhaenger-achsen.de\/index.php?rest_route=\/wp\/v2\/types\/page"}],"author":[{"embeddable":true,"href":"https:\/\/www.pkw-anhaenger-achsen.de\/index.php?rest_route=\/wp\/v2\/users\/1"}],"replies":[{"embeddable":true,"href":"https:\/\/www.pkw-anhaenger-achsen.de\/index.php?rest_route=%2Fwp%2Fv2%2Fcomments&post=20"}],"version-history":[{"count":12,"href":"https:\/\/www.pkw-anhaenger-achsen.de\/index.php?rest_route=\/wp\/v2\/pages\/20\/revisions"}],"predecessor-version":[{"id":84,"href":"https:\/\/www.pkw-anhaenger-achsen.de\/index.php?rest_route=\/wp\/v2\/pages\/20\/revisions\/84"}],"wp:attachment":[{"href":"https:\/\/www.pkw-anhaenger-achsen.de\/index.php?rest_route=%2Fwp%2Fv2%2Fmedia&parent=20"}],"curies":[{"name":"wp","href":"https:\/\/api.w.org\/{rel}","templated":true}]}}